{"id":938,"date":"2013-10-23T18:16:25","date_gmt":"2013-10-23T18:16:25","guid":{"rendered":"http:\/\/www.jcmontejo.es\/cursos\/revista\/?page_id=2"},"modified":"2013-10-23T18:16:25","modified_gmt":"2013-10-23T18:16:25","slug":"pagina-ejemplo","status":"publish","type":"page","link":"https:\/\/www.montejo.biz\/revista\/pagina-ejemplo\/","title":{"rendered":"Acerca de"},"content":{"rendered":"<p>En este blog ir\u00e9 a\u00f1adiendo recursos interesantes que pueden enriquecer los cursos on line.<\/p>\n<p>Si eres de los que les gusta estar al d\u00eda de los temas de los cursos que hace y exprimir al m\u00e1ximo su contenido este es tu blog, espero que te guste.<\/p>\n","protected":false},"excerpt":{"rendered":"<div class=\"mh-excerpt\"><p>En este blog ir\u00e9 a\u00f1adiendo recursos interesantes que pueden enriquecer los cursos on line. Si eres de los que les gusta estar al d\u00eda de <a class=\"mh-excerpt-more\" href=\"https:\/\/www.montejo.biz\/revista\/pagina-ejemplo\/\" title=\"Acerca de\">[&#8230;]<\/a><\/p>\n<\/div>","protected":false},"author":1,"featured_media":0,"parent":0,"menu_order":0,"comment_status":"open","ping_status":"open","template":"","meta":{"footnotes":""},"class_list":["post-938","page","type-page","status-publish","hentry"],"_links":{"self":[{"href":"https:\/\/www.montejo.biz\/revista\/wp-json\/wp\/v2\/pages\/938","targetHints":{"allow":["GET"]}}],"collection":[{"href":"https:\/\/www.montejo.biz\/revista\/wp-json\/wp\/v2\/pages"}],"about":[{"href":"https:\/\/www.montejo.biz\/revista\/wp-json\/wp\/v2\/types\/page"}],"author":[{"embeddable":true,"href":"https:\/\/www.montejo.biz\/revista\/wp-json\/wp\/v2\/users\/1"}],"replies":[{"embeddable":true,"href":"https:\/\/www.montejo.biz\/revista\/wp-json\/wp\/v2\/comments?post=938"}],"version-history":[{"count":0,"href":"https:\/\/www.montejo.biz\/revista\/wp-json\/wp\/v2\/pages\/938\/revisions"}],"wp:attachment":[{"href":"https:\/\/www.montejo.biz\/revista\/wp-json\/wp\/v2\/media?parent=938"}],"curies":[{"name":"wp","href":"https:\/\/api.w.org\/{rel}","templated":true}]}}